{"id":201,"date":"2025-07-21T00:52:39","date_gmt":"2025-07-21T00:52:39","guid":{"rendered":"https:\/\/tenchitatheclown.com\/?page_id=201"},"modified":"2025-07-27T21:25:44","modified_gmt":"2025-07-28T01:25:44","slug":"who-is-tenchita-copy","status":"publish","type":"page","link":"https:\/\/tenchitatheclown.com\/es\/who-is-tenchita-copy\/","title":{"rendered":"T\u00e9rminos"},"content":{"rendered":"<div data-elementor-type=\"wp-page\" data-elementor-id=\"201\" class=\"elementor elementor-201\">\n\t\t\t\t<div class=\"elementor-element elementor-element-261c591 e-flex e-con-boxed e-con e-parent\" data-id=\"261c591\" data-element_type=\"container\" data-e-type=\"container\">\n\t\t\t\t\t<div class=\"e-con-inner\">\n\t\t\t\t<div class=\"elementor-element elementor-element-560fd02 elementor-widget elementor-widget-spacer\" data-id=\"560fd02\" data-element_type=\"widget\" data-e-type=\"widget\" data-widget_type=\"spacer.default\">\n\t\t\t\t\t\t\t<div class=\"elementor-spacer\">\n\t\t\t<div class=\"elementor-spacer-inner\"><\/div>\n\t\t<\/div>\n\t\t\t\t\t\t<\/div>\n\t\t\t\t<div class=\"elementor-element elementor-element-1197bb0 elementor-widget__width-initial hfe-nav-menu__align-center hfe-submenu-icon-arrow hfe-submenu-animation-none hfe-link-redirect-child hfe-nav-menu__breakpoint-tablet elementor-widget elementor-widget-navigation-menu\" data-id=\"1197bb0\" data-element_type=\"widget\" data-e-type=\"widget\" data-settings=\"{&quot;padding_vertical_menu_item_mobile&quot;:{&quot;unit&quot;:&quot;px&quot;,&quot;size&quot;:22,&quot;sizes&quot;:[]},&quot;padding_horizontal_menu_item&quot;:{&quot;unit&quot;:&quot;px&quot;,&quot;size&quot;:15,&quot;sizes&quot;:[]},&quot;padding_horizontal_menu_item_tablet&quot;:{&quot;unit&quot;:&quot;px&quot;,&quot;size&quot;:&quot;&quot;,&quot;sizes&quot;:[]},&quot;padding_horizontal_menu_item_mobile&quot;:{&quot;unit&quot;:&quot;px&quot;,&quot;size&quot;:&quot;&quot;,&quot;sizes&quot;:[]},&quot;padding_vertical_menu_item&quot;:{&quot;unit&quot;:&quot;px&quot;,&quot;size&quot;:15,&quot;sizes&quot;:[]},&quot;padding_vertical_menu_item_tablet&quot;:{&quot;unit&quot;:&quot;px&quot;,&quot;size&quot;:&quot;&quot;,&quot;sizes&quot;:[]},&quot;menu_space_between&quot;:{&quot;unit&quot;:&quot;px&quot;,&quot;size&quot;:&quot;&quot;,&quot;sizes&quot;:[]},&quot;menu_space_between_tablet&quot;:{&quot;unit&quot;:&quot;px&quot;,&quot;size&quot;:&quot;&quot;,&quot;sizes&quot;:[]},&quot;menu_space_between_mobile&quot;:{&quot;unit&quot;:&quot;px&quot;,&quot;size&quot;:&quot;&quot;,&quot;sizes&quot;:[]},&quot;menu_row_space&quot;:{&quot;unit&quot;:&quot;px&quot;,&quot;size&quot;:&quot;&quot;,&quot;sizes&quot;:[]},&quot;menu_row_space_tablet&quot;:{&quot;unit&quot;:&quot;px&quot;,&quot;size&quot;:&quot;&quot;,&quot;sizes&quot;:[]},&quot;menu_row_space_mobile&quot;:{&quot;unit&quot;:&quot;px&quot;,&quot;size&quot;:&quot;&quot;,&quot;sizes&quot;:[]},&quot;dropdown_border_radius&quot;:{&quot;unit&quot;:&quot;px&quot;,&quot;top&quot;:&quot;&quot;,&quot;right&quot;:&quot;&quot;,&quot;bottom&quot;:&quot;&quot;,&quot;left&quot;:&quot;&quot;,&quot;isLinked&quot;:true},&quot;dropdown_border_radius_tablet&quot;:{&quot;unit&quot;:&quot;px&quot;,&quot;top&quot;:&quot;&quot;,&quot;right&quot;:&quot;&quot;,&quot;bottom&quot;:&quot;&quot;,&quot;left&quot;:&quot;&quot;,&quot;isLinked&quot;:true},&quot;dropdown_border_radius_mobile&quot;:{&quot;unit&quot;:&quot;px&quot;,&quot;top&quot;:&quot;&quot;,&quot;right&quot;:&quot;&quot;,&quot;bottom&quot;:&quot;&quot;,&quot;left&quot;:&quot;&quot;,&quot;isLinked&quot;:true},&quot;width_dropdown_item&quot;:{&quot;unit&quot;:&quot;px&quot;,&quot;size&quot;:&quot;220&quot;,&quot;sizes&quot;:[]},&quot;width_dropdown_item_tablet&quot;:{&quot;unit&quot;:&quot;px&quot;,&quot;size&quot;:&quot;&quot;,&quot;sizes&quot;:[]},&quot;width_dropdown_item_mobile&quot;:{&quot;unit&quot;:&quot;px&quot;,&quot;size&quot;:&quot;&quot;,&quot;sizes&quot;:[]},&quot;padding_horizontal_dropdown_item&quot;:{&quot;unit&quot;:&quot;px&quot;,&quot;size&quot;:&quot;&quot;,&quot;sizes&quot;:[]},&quot;padding_horizontal_dropdown_item_tablet&quot;:{&quot;unit&quot;:&quot;px&quot;,&quot;size&quot;:&quot;&quot;,&quot;sizes&quot;:[]},&quot;padding_horizontal_dropdown_item_mobile&quot;:{&quot;unit&quot;:&quot;px&quot;,&quot;size&quot;:&quot;&quot;,&quot;sizes&quot;:[]},&quot;padding_vertical_dropdown_item&quot;:{&quot;unit&quot;:&quot;px&quot;,&quot;size&quot;:15,&quot;sizes&quot;:[]},&quot;padding_vertical_dropdown_item_tablet&quot;:{&quot;unit&quot;:&quot;px&quot;,&quot;size&quot;:&quot;&quot;,&quot;sizes&quot;:[]},&quot;padding_vertical_dropdown_item_mobile&quot;:{&quot;unit&quot;:&quot;px&quot;,&quot;size&quot;:&quot;&quot;,&quot;sizes&quot;:[]},&quot;distance_from_menu&quot;:{&quot;unit&quot;:&quot;px&quot;,&quot;size&quot;:&quot;&quot;,&quot;sizes&quot;:[]},&quot;distance_from_menu_tablet&quot;:{&quot;unit&quot;:&quot;px&quot;,&quot;size&quot;:&quot;&quot;,&quot;sizes&quot;:[]},&quot;distance_from_menu_mobile&quot;:{&quot;unit&quot;:&quot;px&quot;,&quot;size&quot;:&quot;&quot;,&quot;sizes&quot;:[]},&quot;toggle_size&quot;:{&quot;unit&quot;:&quot;px&quot;,&quot;size&quot;:&quot;&quot;,&quot;sizes&quot;:[]},&quot;toggle_size_tablet&quot;:{&quot;unit&quot;:&quot;px&quot;,&quot;size&quot;:&quot;&quot;,&quot;sizes&quot;:[]},&quot;toggle_size_mobile&quot;:{&quot;unit&quot;:&quot;px&quot;,&quot;size&quot;:&quot;&quot;,&quot;sizes&quot;:[]},&quot;toggle_border_width&quot;:{&quot;unit&quot;:&quot;px&quot;,&quot;size&quot;:&quot;&quot;,&quot;sizes&quot;:[]},&quot;toggle_border_width_tablet&quot;:{&quot;unit&quot;:&quot;px&quot;,&quot;size&quot;:&quot;&quot;,&quot;sizes&quot;:[]},&quot;toggle_border_width_mobile&quot;:{&quot;unit&quot;:&quot;px&quot;,&quot;size&quot;:&quot;&quot;,&quot;sizes&quot;:[]},&quot;toggle_border_radius&quot;:{&quot;unit&quot;:&quot;px&quot;,&quot;size&quot;:&quot;&quot;,&quot;sizes&quot;:[]},&quot;toggle_border_radius_tablet&quot;:{&quot;unit&quot;:&quot;px&quot;,&quot;size&quot;:&quot;&quot;,&quot;sizes&quot;:[]},&quot;toggle_border_radius_mobile&quot;:{&quot;unit&quot;:&quot;px&quot;,&quot;size&quot;:&quot;&quot;,&quot;sizes&quot;:[]}}\" data-widget_type=\"navigation-menu.default\">\n\t\t\t\t<div class=\"elementor-widget-container\">\n\t\t\t\t\t\t\t\t<div class=\"hfe-nav-menu hfe-layout-horizontal hfe-nav-menu-layout horizontal hfe-pointer__none\" data-layout=\"horizontal\">\n\t\t\t\t<div role=\"button\" class=\"hfe-nav-menu__toggle elementor-clickable\" tabindex=\"0\" aria-label=\"Menu Toggle\">\n\t\t\t\t\t<span class=\"screen-reader-text\">Men\u00fa<\/span>\n\t\t\t\t\t<div class=\"hfe-nav-menu-icon\">\n\t\t\t\t\t\t<svg aria-hidden=\"true\"  class=\"e-font-icon-svg e-fas-align-justify\" viewbox=\"0 0 448 512\" xmlns=\"http:\/\/www.w3.org\/2000\/svg\"><path d=\"M432 416H16a16 16 0 0 0-16 16v32a16 16 0 0 0 16 16h416a16 16 0 0 0 16-16v-32a16 16 0 0 0-16-16zm0-128H16a16 16 0 0 0-16 16v32a16 16 0 0 0 16 16h416a16 16 0 0 0 16-16v-32a16 16 0 0 0-16-16zm0-128H16a16 16 0 0 0-16 16v32a16 16 0 0 0 16 16h416a16 16 0 0 0 16-16v-32a16 16 0 0 0-16-16zm0-128H16A16 16 0 0 0 0 48v32a16 16 0 0 0 16 16h416a16 16 0 0 0 16-16V48a16 16 0 0 0-16-16z\"><\/path><\/svg>\t\t\t\t\t<\/div>\n\t\t\t\t<\/div>\n\t\t\t\t<nav class=\"hfe-nav-menu__layout-horizontal hfe-nav-menu__submenu-arrow\" data-toggle-icon=\"&lt;svg aria-hidden=&quot;true&quot; tabindex=&quot;0&quot; class=&quot;e-font-icon-svg e-fas-align-justify&quot; viewBox=&quot;0 0 448 512&quot; xmlns=&quot;http:\/\/www.w3.org\/2000\/svg&quot;&gt;&lt;path d=&quot;M432 416H16a16 16 0 0 0-16 16v32a16 16 0 0 0 16 16h416a16 16 0 0 0 16-16v-32a16 16 0 0 0-16-16zm0-128H16a16 16 0 0 0-16 16v32a16 16 0 0 0 16 16h416a16 16 0 0 0 16-16v-32a16 16 0 0 0-16-16zm0-128H16a16 16 0 0 0-16 16v32a16 16 0 0 0 16 16h416a16 16 0 0 0 16-16v-32a16 16 0 0 0-16-16zm0-128H16A16 16 0 0 0 0 48v32a16 16 0 0 0 16 16h416a16 16 0 0 0 16-16V48a16 16 0 0 0-16-16z&quot;&gt;&lt;\/path&gt;&lt;\/svg&gt;\" data-close-icon=\"&lt;svg aria-hidden=&quot;true&quot; tabindex=&quot;0&quot; class=&quot;e-font-icon-svg e-far-window-close&quot; viewBox=&quot;0 0 512 512&quot; xmlns=&quot;http:\/\/www.w3.org\/2000\/svg&quot;&gt;&lt;path d=&quot;M464 32H48C21.5 32 0 53.5 0 80v352c0 26.5 21.5 48 48 48h416c26.5 0 48-21.5 48-48V80c0-26.5-21.5-48-48-48zm0 394c0 3.3-2.7 6-6 6H54c-3.3 0-6-2.7-6-6V86c0-3.3 2.7-6 6-6h404c3.3 0 6 2.7 6 6v340zM356.5 194.6L295.1 256l61.4 61.4c4.6 4.6 4.6 12.1 0 16.8l-22.3 22.3c-4.6 4.6-12.1 4.6-16.8 0L256 295.1l-61.4 61.4c-4.6 4.6-12.1 4.6-16.8 0l-22.3-22.3c-4.6-4.6-4.6-12.1 0-16.8l61.4-61.4-61.4-61.4c-4.6-4.6-4.6-12.1 0-16.8l22.3-22.3c4.6-4.6 12.1-4.6 16.8 0l61.4 61.4 61.4-61.4c4.6-4.6 12.1-4.6 16.8 0l22.3 22.3c4.7 4.6 4.7 12.1 0 16.8z&quot;&gt;&lt;\/path&gt;&lt;\/svg&gt;\" data-full-width=\"\">\n\t\t\t\t\t<ul id=\"menu-1-1197bb0\" class=\"hfe-nav-menu\"><li id=\"menu-item-248\" class=\"menu-item menu-item-type-post_type menu-item-object-page menu-item-home parent hfe-creative-menu\"><a href=\"https:\/\/tenchitatheclown.com\/es\/\" class = \"hfe-menu-item\">Inicio<\/a><\/li>\n<li id=\"menu-item-250\" class=\"menu-item menu-item-type-post_type menu-item-object-page parent hfe-creative-menu\"><a href=\"https:\/\/tenchitatheclown.com\/es\/who-is-tenchita\/\" class = \"hfe-menu-item\">\u00bfQui\u00e9n es Tenchita?<\/a><\/li>\n<li id=\"menu-item-348\" class=\"menu-item menu-item-type-post_type menu-item-object-page parent hfe-creative-menu\"><a href=\"https:\/\/tenchitatheclown.com\/es\/services-offered\/\" class = \"hfe-menu-item\">Servicios y Precios<\/a><\/li>\n<li id=\"menu-item-315\" class=\"menu-item menu-item-type-post_type menu-item-object-page parent hfe-creative-menu\"><a href=\"https:\/\/tenchitatheclown.com\/es\/services-booking\/\" class = \"hfe-menu-item\">Dep\u00f3sitos y Reservas<\/a><\/li>\n<li id=\"menu-item-342\" class=\"menu-item menu-item-type-post_type menu-item-object-page parent hfe-creative-menu\"><a href=\"https:\/\/tenchitatheclown.com\/es\/contact-tenchita\/\" class = \"hfe-menu-item\">Habla con Tenchita!<\/a><\/li>\n<li id=\"menu-item-249\" class=\"menu-item menu-item-type-post_type menu-item-object-page parent hfe-creative-menu\"><a href=\"https:\/\/tenchitatheclown.com\/es\/who-is-tenchita-copy\/\" class = \"hfe-menu-item\">T\u00e9rminos<\/a><\/li>\n<\/ul> \n\t\t\t\t<\/nav>\n\t\t\t<\/div>\n\t\t\t\t\t\t\t<\/div>\n\t\t\t\t<\/div>\n\t\t\t\t<div class=\"elementor-element elementor-element-145da1a elementor-widget elementor-widget-heading\" data-id=\"145da1a\" data-element_type=\"widget\" data-e-type=\"widget\" data-widget_type=\"heading.default\">\n\t\t\t\t\t<h2 class=\"elementor-heading-title elementor-size-default\">T\u00c9RMINOS Y CONDICIONES \/ POL\u00cdTICA DE PRIVACIDAD<\/h2>\t\t\t\t<\/div>\n\t\t\t\t\t<\/div>\n\t\t\t\t<\/div>\n\t\t<div class=\"elementor-element elementor-element-4e11514 e-con-full e-flex e-con e-parent\" data-id=\"4e11514\" data-element_type=\"container\" data-e-type=\"container\">\n\t\t\t\t<div class=\"elementor-element elementor-element-5e81ab9 elementor-widget elementor-widget-text-editor\" data-id=\"5e81ab9\" data-element_type=\"widget\" data-e-type=\"widget\" data-widget_type=\"text-editor.default\">\n\t\t\t\t\t\t\t\t\t<p>Al realizar un dep\u00f3sito o contratar los servicios de Tenchita la Payasa, usted acepta los siguientes t\u00e9rminos y condiciones, incluyendo nuestras pr\u00e1cticas de privacidad.<\/p><p class=\"translation-block\"><strong>I. Pol\u00edtica de Reembolso de Dep\u00f3sitos<\/strong><br>\n<strong>A.<\/strong> Cancelaciones realizadas <strong>con 30 d\u00edas o m\u00e1s<\/strong> de anticipaci\u00f3n al evento: <strong>reembolso del 100%<\/strong> del dep\u00f3sito.<br>\n<strong>B.<\/strong> Cancelaciones realizadas <strong>entre 14 y 29 d\u00edas<\/strong> antes del evento: <strong>reembolso del 50%<\/strong> del dep\u00f3sito.<br>\n<strong>C.<\/strong> Cancelaciones realizadas <strong>13 d\u00edas o menos<\/strong> antes del evento: <strong>no se emitir\u00e1 reembolso<\/strong>.<br>\n<strong>D.<\/strong> Para reservas realizadas <strong>dentro de los 30 d\u00edas<\/strong> previos al evento: el cliente tiene <strong>48 horas<\/strong> desde el momento de la reserva para cancelar y recibir un reembolso completo (<strong>100%<\/strong>). Despu\u00e9s de ese plazo, aplican las condiciones est\u00e1ndar de reembolso.<br><\/p><p class=\"translation-block\"><strong>II. Confirmaci\u00f3n de Fecha y Hora del Evento<\/strong><br>\n<strong>A.<\/strong> Al realizar el dep\u00f3sito, usted confirma que la fecha y hora proporcionadas a Tenchita son correctas y definitivas.<br>\n<strong>B.<\/strong> Si necesita reprogramar, Tenchita har\u00e1 todo lo posible por acomodar su solicitud. Sin embargo, la disponibilidad no est\u00e1 garantizada, y Tenchita solo est\u00e1 obligada a presentarse en la fecha y hora originalmente confirmadas.<br><\/p><p class=\"translation-block\"><strong>III. Puntualidad<\/strong><br>\n<strong>A.<\/strong> Tenchita se esfuerza por llegar puntualmente a la hora programada. Por favor, aseg\u00farese de que su evento est\u00e9 listo para comenzar a su llegada.<br>\n<strong>B.<\/strong> En caso de condiciones clim\u00e1ticas adversas o tr\u00e1fico inusual, Tenchita se comunicar\u00e1 con usted para ajustar la hora de llegada (generalmente entre <strong>15 y 30 minutos<\/strong>). El tiempo completo de los servicios contratados ser\u00e1 respetado.<br>\n<strong>C.<\/strong> Tenchita no se responsabiliza por la puntualidad de los invitados. Cualquier cambio en el horario del evento debe ser aprobado por Tenchita y est\u00e1 sujeto a su disponibilidad.<br><\/p><p class=\"translation-block\"><strong>IV. Responsabilidades del Cliente<\/strong><br>\n<strong>A.<\/strong> Usted se compromete a proporcionar:<br><\/p><ul><li>Espacio adecuado para la presentaci\u00f3n<br><\/li><li>Estacionamiento directamente <strong>en frente<\/strong> del lugar del evento<br> <strong>in front<\/strong> of the event location<\/li><li>Acceso a electricidad para el equipo de Tenchita<br><\/li><\/ul><p>Si no puede cumplir con alguno de estos requisitos, por favor comun\u00edquese con Tenchita con anticipaci\u00f3n para coordinar alternativas.<br><\/p><p class=\"translation-block\"><strong>V. Tarifas de Desplazamiento<\/strong><br>\n<strong>A.<\/strong> Pueden aplicarse tarifas adicionales de desplazamiento seg\u00fan la ubicaci\u00f3n del evento. Por favor, contacte a Tenchita para confirmar si aplica alguna tarifa.<br><\/p><p class=\"translation-block\"><strong>VI. Privacidad y Uso de Datos<\/strong><br>\nAl contratar los servicios de Tenchita, usted autoriza la recopilaci\u00f3n y uso de sus datos personales con fines operativos y promocionales. Esto incluye:<br><\/p><ul><li class=\"translation-block\"><strong>Informaci\u00f3n personal<\/strong> como nombre, correo electr\u00f3nico, n\u00famero de tel\u00e9fono y direcci\u00f3n, recopilada voluntariamente mediante formularios, dep\u00f3sitos o consultas.<br><\/li><li class=\"translation-block\"><strong>Fotos y videos<\/strong> tomados durante el evento, que podr\u00e1n ser utilizados con fines de marketing en el sitio web, redes sociales y materiales promocionales. Si desea que se elimine alguna imagen, comun\u00edquese a <strong>tenchitatheclown@gmail.com<\/strong>.<br><\/li><li class=\"translation-block\"><strong>Testimonios o rese\u00f1as<\/strong> proporcionados por los clientes podr\u00e1n ser citados o publicados con fines promocionales.<br><\/li><li class=\"translation-block\"><strong>Datos no personales<\/strong> como tipo de navegador o dispositivo, recopilados para mejorar el rendimiento del sitio.<br><\/li><li class=\"translation-block\"><strong>Cookies<\/strong> utilizadas para mejorar la experiencia de navegaci\u00f3n. Puede desactivarlas en la configuraci\u00f3n de su navegador, aunque algunas funciones del sitio podr\u00edan verse afectadas.<br><\/li><\/ul><p>Sus datos no ser\u00e1n vendidos ni alquilados. Podr\u00e1n compartirse con proveedores externos de confianza \u00fanicamente para fines operativos (por ejemplo, env\u00edo de correos o encuestas), y solo con su consentimiento.<br><\/p><p class=\"translation-block\"><strong>VII. Enlaces de Terceros y Publicidad<\/strong><br>\nNuestro sitio puede contener enlaces a p\u00e1ginas externas. Tenchita no se responsabiliza por el contenido ni las pr\u00e1cticas de privacidad de terceros.<br>\nLos socios publicitarios pueden usar cookies para ofrecer anuncios personalizados. Puede optar por no recibir publicidad personalizada visitando <a href=\"http:\/\/www.google.com\/privacy_ads.html\">la p\u00e1gina de privacidad de Google<\/a>.<br><\/p><p class=\"translation-block\"><strong>VIII. Actualizaciones de la Pol\u00edtica<\/strong><br>\nTenchita se reserva el derecho de actualizar estos t\u00e9rminos en cualquier momento. Los cambios se publicar\u00e1n en el sitio web. El uso continuo del sitio o los servicios implica la aceptaci\u00f3n de dichas actualizaciones.<br><\/p><p class=\"translation-block\"><strong>IX. Informaci\u00f3n de Contacto<\/strong><br>\nTenchita la Payasita<br>\n<a href=\"https:\/\/tenchitatheclown.com\/es\/\">www.tenchitatheclown.com<\/a><br>\n<strong>407-334-3243<\/strong><br>\n<strong>tenchitatheclown@gmail.com<\/strong><br><\/p>\t\t\t\t\t\t\t\t<\/div>\n\t\t\t\t<\/div>\n\t\t\t\t<\/div>","protected":false},"excerpt":{"rendered":"<p>Menu Home Who is Tenchita? Services &#038; Prices Deposits &#038; Reservations Contact Tenchita Terms TERMS AND CONDITIONS \/ PRIVACY POLICY By placing a deposit or engaging with Tenchita the Clown\u2019s services, you agree to the following terms and conditions, including our privacy practices. I. Deposit Refund PolicyA. Cancellations made 30 days or more before the [&hellip;]<\/p>\n","protected":false},"author":1,"featured_media":0,"parent":0,"menu_order":0,"comment_status":"closed","ping_status":"closed","template":"elementor_canvas","meta":{"footnotes":""},"class_list":["post-201","page","type-page","status-publish","hentry"],"_links":{"self":[{"href":"https:\/\/tenchitatheclown.com\/es\/wp-json\/wp\/v2\/pages\/201","targetHints":{"allow":["GET"]}}],"collection":[{"href":"https:\/\/tenchitatheclown.com\/es\/wp-json\/wp\/v2\/pages"}],"about":[{"href":"https:\/\/tenchitatheclown.com\/es\/wp-json\/wp\/v2\/types\/page"}],"author":[{"embeddable":true,"href":"https:\/\/tenchitatheclown.com\/es\/wp-json\/wp\/v2\/users\/1"}],"replies":[{"embeddable":true,"href":"https:\/\/tenchitatheclown.com\/es\/wp-json\/wp\/v2\/comments?post=201"}],"version-history":[{"count":42,"href":"https:\/\/tenchitatheclown.com\/es\/wp-json\/wp\/v2\/pages\/201\/revisions"}],"predecessor-version":[{"id":394,"href":"https:\/\/tenchitatheclown.com\/es\/wp-json\/wp\/v2\/pages\/201\/revisions\/394"}],"wp:attachment":[{"href":"https:\/\/tenchitatheclown.com\/es\/wp-json\/wp\/v2\/media?parent=201"}],"curies":[{"name":"wp","href":"https:\/\/api.w.org\/{rel}","templated":true}]}}