{"id":344,"date":"2025-07-27T19:55:42","date_gmt":"2025-07-27T23:55:42","guid":{"rendered":"https:\/\/tenchitatheclown.com\/?page_id=344"},"modified":"2025-07-27T21:16:01","modified_gmt":"2025-07-28T01:16:01","slug":"services-offered","status":"publish","type":"page","link":"https:\/\/tenchitatheclown.com\/es\/services-offered\/","title":{"rendered":"Servicios y Precios"},"content":{"rendered":"<div data-elementor-type=\"wp-page\" data-elementor-id=\"344\" class=\"elementor elementor-344\">\n\t\t\t\t<div class=\"elementor-element elementor-element-3f330ac e-flex e-con-boxed e-con e-parent\" data-id=\"3f330ac\" data-element_type=\"container\" data-e-type=\"container\">\n\t\t\t\t\t<div class=\"e-con-inner\">\n\t\t\t\t<div class=\"elementor-element elementor-element-ac4a0d3 hfe-nav-menu__align-center hfe-submenu-icon-arrow hfe-submenu-animation-none hfe-link-redirect-child hfe-nav-menu__breakpoint-tablet elementor-widget elementor-widget-navigation-menu\" data-id=\"ac4a0d3\" data-element_type=\"widget\" data-e-type=\"widget\" data-settings=\"{&quot;menu_row_space&quot;:{&quot;unit&quot;:&quot;px&quot;,&quot;size&quot;:45,&quot;sizes&quot;:[]},&quot;padding_horizontal_menu_item&quot;:{&quot;unit&quot;:&quot;px&quot;,&quot;size&quot;:15,&quot;sizes&quot;:[]},&quot;padding_horizontal_menu_item_tablet&quot;:{&quot;unit&quot;:&quot;px&quot;,&quot;size&quot;:&quot;&quot;,&quot;sizes&quot;:[]},&quot;padding_horizontal_menu_item_mobile&quot;:{&quot;unit&quot;:&quot;px&quot;,&quot;size&quot;:&quot;&quot;,&quot;sizes&quot;:[]},&quot;padding_vertical_menu_item&quot;:{&quot;unit&quot;:&quot;px&quot;,&quot;size&quot;:15,&quot;sizes&quot;:[]},&quot;padding_vertical_menu_item_tablet&quot;:{&quot;unit&quot;:&quot;px&quot;,&quot;size&quot;:&quot;&quot;,&quot;sizes&quot;:[]},&quot;padding_vertical_menu_item_mobile&quot;:{&quot;unit&quot;:&quot;px&quot;,&quot;size&quot;:&quot;&quot;,&quot;sizes&quot;:[]},&quot;menu_space_between&quot;:{&quot;unit&quot;:&quot;px&quot;,&quot;size&quot;:&quot;&quot;,&quot;sizes&quot;:[]},&quot;menu_space_between_tablet&quot;:{&quot;unit&quot;:&quot;px&quot;,&quot;size&quot;:&quot;&quot;,&quot;sizes&quot;:[]},&quot;menu_space_between_mobile&quot;:{&quot;unit&quot;:&quot;px&quot;,&quot;size&quot;:&quot;&quot;,&quot;sizes&quot;:[]},&quot;menu_row_space_tablet&quot;:{&quot;unit&quot;:&quot;px&quot;,&quot;size&quot;:&quot;&quot;,&quot;sizes&quot;:[]},&quot;menu_row_space_mobile&quot;:{&quot;unit&quot;:&quot;px&quot;,&quot;size&quot;:&quot;&quot;,&quot;sizes&quot;:[]},&quot;dropdown_border_radius&quot;:{&quot;unit&quot;:&quot;px&quot;,&quot;top&quot;:&quot;&quot;,&quot;right&quot;:&quot;&quot;,&quot;bottom&quot;:&quot;&quot;,&quot;left&quot;:&quot;&quot;,&quot;isLinked&quot;:true},&quot;dropdown_border_radius_tablet&quot;:{&quot;unit&quot;:&quot;px&quot;,&quot;top&quot;:&quot;&quot;,&quot;right&quot;:&quot;&quot;,&quot;bottom&quot;:&quot;&quot;,&quot;left&quot;:&quot;&quot;,&quot;isLinked&quot;:true},&quot;dropdown_border_radius_mobile&quot;:{&quot;unit&quot;:&quot;px&quot;,&quot;top&quot;:&quot;&quot;,&quot;right&quot;:&quot;&quot;,&quot;bottom&quot;:&quot;&quot;,&quot;left&quot;:&quot;&quot;,&quot;isLinked&quot;:true},&quot;width_dropdown_item&quot;:{&quot;unit&quot;:&quot;px&quot;,&quot;size&quot;:&quot;220&quot;,&quot;sizes&quot;:[]},&quot;width_dropdown_item_tablet&quot;:{&quot;unit&quot;:&quot;px&quot;,&quot;size&quot;:&quot;&quot;,&quot;sizes&quot;:[]},&quot;width_dropdown_item_mobile&quot;:{&quot;unit&quot;:&quot;px&quot;,&quot;size&quot;:&quot;&quot;,&quot;sizes&quot;:[]},&quot;padding_horizontal_dropdown_item&quot;:{&quot;unit&quot;:&quot;px&quot;,&quot;size&quot;:&quot;&quot;,&quot;sizes&quot;:[]},&quot;padding_horizontal_dropdown_item_tablet&quot;:{&quot;unit&quot;:&quot;px&quot;,&quot;size&quot;:&quot;&quot;,&quot;sizes&quot;:[]},&quot;padding_horizontal_dropdown_item_mobile&quot;:{&quot;unit&quot;:&quot;px&quot;,&quot;size&quot;:&quot;&quot;,&quot;sizes&quot;:[]},&quot;padding_vertical_dropdown_item&quot;:{&quot;unit&quot;:&quot;px&quot;,&quot;size&quot;:15,&quot;sizes&quot;:[]},&quot;padding_vertical_dropdown_item_tablet&quot;:{&quot;unit&quot;:&quot;px&quot;,&quot;size&quot;:&quot;&quot;,&quot;sizes&quot;:[]},&quot;padding_vertical_dropdown_item_mobile&quot;:{&quot;unit&quot;:&quot;px&quot;,&quot;size&quot;:&quot;&quot;,&quot;sizes&quot;:[]},&quot;distance_from_menu&quot;:{&quot;unit&quot;:&quot;px&quot;,&quot;size&quot;:&quot;&quot;,&quot;sizes&quot;:[]},&quot;distance_from_menu_tablet&quot;:{&quot;unit&quot;:&quot;px&quot;,&quot;size&quot;:&quot;&quot;,&quot;sizes&quot;:[]},&quot;distance_from_menu_mobile&quot;:{&quot;unit&quot;:&quot;px&quot;,&quot;size&quot;:&quot;&quot;,&quot;sizes&quot;:[]},&quot;toggle_size&quot;:{&quot;unit&quot;:&quot;px&quot;,&quot;size&quot;:&quot;&quot;,&quot;sizes&quot;:[]},&quot;toggle_size_tablet&quot;:{&quot;unit&quot;:&quot;px&quot;,&quot;size&quot;:&quot;&quot;,&quot;sizes&quot;:[]},&quot;toggle_size_mobile&quot;:{&quot;unit&quot;:&quot;px&quot;,&quot;size&quot;:&quot;&quot;,&quot;sizes&quot;:[]},&quot;toggle_border_width&quot;:{&quot;unit&quot;:&quot;px&quot;,&quot;size&quot;:&quot;&quot;,&quot;sizes&quot;:[]},&quot;toggle_border_width_tablet&quot;:{&quot;unit&quot;:&quot;px&quot;,&quot;size&quot;:&quot;&quot;,&quot;sizes&quot;:[]},&quot;toggle_border_width_mobile&quot;:{&quot;unit&quot;:&quot;px&quot;,&quot;size&quot;:&quot;&quot;,&quot;sizes&quot;:[]},&quot;toggle_border_radius&quot;:{&quot;unit&quot;:&quot;px&quot;,&quot;size&quot;:&quot;&quot;,&quot;sizes&quot;:[]},&quot;toggle_border_radius_tablet&quot;:{&quot;unit&quot;:&quot;px&quot;,&quot;size&quot;:&quot;&quot;,&quot;sizes&quot;:[]},&quot;toggle_border_radius_mobile&quot;:{&quot;unit&quot;:&quot;px&quot;,&quot;size&quot;:&quot;&quot;,&quot;sizes&quot;:[]}}\" data-widget_type=\"navigation-menu.default\">\n\t\t\t\t<div class=\"elementor-widget-container\">\n\t\t\t\t\t\t\t\t<div class=\"hfe-nav-menu hfe-layout-horizontal hfe-nav-menu-layout horizontal hfe-pointer__none\" data-layout=\"horizontal\">\n\t\t\t\t<div role=\"button\" class=\"hfe-nav-menu__toggle elementor-clickable\" tabindex=\"0\" aria-label=\"Menu Toggle\">\n\t\t\t\t\t<span class=\"screen-reader-text\">Men\u00fa<\/span>\n\t\t\t\t\t<div class=\"hfe-nav-menu-icon\">\n\t\t\t\t\t\t<svg aria-hidden=\"true\"  class=\"e-font-icon-svg e-fas-align-justify\" viewbox=\"0 0 448 512\" xmlns=\"http:\/\/www.w3.org\/2000\/svg\"><path d=\"M432 416H16a16 16 0 0 0-16 16v32a16 16 0 0 0 16 16h416a16 16 0 0 0 16-16v-32a16 16 0 0 0-16-16zm0-128H16a16 16 0 0 0-16 16v32a16 16 0 0 0 16 16h416a16 16 0 0 0 16-16v-32a16 16 0 0 0-16-16zm0-128H16a16 16 0 0 0-16 16v32a16 16 0 0 0 16 16h416a16 16 0 0 0 16-16v-32a16 16 0 0 0-16-16zm0-128H16A16 16 0 0 0 0 48v32a16 16 0 0 0 16 16h416a16 16 0 0 0 16-16V48a16 16 0 0 0-16-16z\"><\/path><\/svg>\t\t\t\t\t<\/div>\n\t\t\t\t<\/div>\n\t\t\t\t<nav class=\"hfe-nav-menu__layout-horizontal hfe-nav-menu__submenu-arrow\" data-toggle-icon=\"&lt;svg aria-hidden=&quot;true&quot; tabindex=&quot;0&quot; class=&quot;e-font-icon-svg e-fas-align-justify&quot; viewBox=&quot;0 0 448 512&quot; xmlns=&quot;http:\/\/www.w3.org\/2000\/svg&quot;&gt;&lt;path d=&quot;M432 416H16a16 16 0 0 0-16 16v32a16 16 0 0 0 16 16h416a16 16 0 0 0 16-16v-32a16 16 0 0 0-16-16zm0-128H16a16 16 0 0 0-16 16v32a16 16 0 0 0 16 16h416a16 16 0 0 0 16-16v-32a16 16 0 0 0-16-16zm0-128H16a16 16 0 0 0-16 16v32a16 16 0 0 0 16 16h416a16 16 0 0 0 16-16v-32a16 16 0 0 0-16-16zm0-128H16A16 16 0 0 0 0 48v32a16 16 0 0 0 16 16h416a16 16 0 0 0 16-16V48a16 16 0 0 0-16-16z&quot;&gt;&lt;\/path&gt;&lt;\/svg&gt;\" data-close-icon=\"&lt;svg aria-hidden=&quot;true&quot; tabindex=&quot;0&quot; class=&quot;e-font-icon-svg e-far-window-close&quot; viewBox=&quot;0 0 512 512&quot; xmlns=&quot;http:\/\/www.w3.org\/2000\/svg&quot;&gt;&lt;path d=&quot;M464 32H48C21.5 32 0 53.5 0 80v352c0 26.5 21.5 48 48 48h416c26.5 0 48-21.5 48-48V80c0-26.5-21.5-48-48-48zm0 394c0 3.3-2.7 6-6 6H54c-3.3 0-6-2.7-6-6V86c0-3.3 2.7-6 6-6h404c3.3 0 6 2.7 6 6v340zM356.5 194.6L295.1 256l61.4 61.4c4.6 4.6 4.6 12.1 0 16.8l-22.3 22.3c-4.6 4.6-12.1 4.6-16.8 0L256 295.1l-61.4 61.4c-4.6 4.6-12.1 4.6-16.8 0l-22.3-22.3c-4.6-4.6-4.6-12.1 0-16.8l61.4-61.4-61.4-61.4c-4.6-4.6-4.6-12.1 0-16.8l22.3-22.3c4.6-4.6 12.1-4.6 16.8 0l61.4 61.4 61.4-61.4c4.6-4.6 12.1-4.6 16.8 0l22.3 22.3c4.7 4.6 4.7 12.1 0 16.8z&quot;&gt;&lt;\/path&gt;&lt;\/svg&gt;\" data-full-width=\"yes\">\n\t\t\t\t\t<ul id=\"menu-1-ac4a0d3\" class=\"hfe-nav-menu\"><li id=\"menu-item-248\" class=\"menu-item menu-item-type-post_type menu-item-object-page menu-item-home parent hfe-creative-menu\"><a href=\"https:\/\/tenchitatheclown.com\/es\/\" class = \"hfe-menu-item\">Inicio<\/a><\/li>\n<li id=\"menu-item-250\" class=\"menu-item menu-item-type-post_type menu-item-object-page parent hfe-creative-menu\"><a href=\"https:\/\/tenchitatheclown.com\/es\/who-is-tenchita\/\" class = \"hfe-menu-item\">\u00bfQui\u00e9n es Tenchita?<\/a><\/li>\n<li id=\"menu-item-348\" class=\"menu-item menu-item-type-post_type menu-item-object-page parent hfe-creative-menu\"><a href=\"https:\/\/tenchitatheclown.com\/es\/services-offered\/\" class = \"hfe-menu-item\">Servicios y Precios<\/a><\/li>\n<li id=\"menu-item-315\" class=\"menu-item menu-item-type-post_type menu-item-object-page parent hfe-creative-menu\"><a href=\"https:\/\/tenchitatheclown.com\/es\/services-booking\/\" class = \"hfe-menu-item\">Dep\u00f3sitos y Reservas<\/a><\/li>\n<li id=\"menu-item-342\" class=\"menu-item menu-item-type-post_type menu-item-object-page parent hfe-creative-menu\"><a href=\"https:\/\/tenchitatheclown.com\/es\/contact-tenchita\/\" class = \"hfe-menu-item\">Habla con Tenchita!<\/a><\/li>\n<li id=\"menu-item-249\" class=\"menu-item menu-item-type-post_type menu-item-object-page parent hfe-creative-menu\"><a href=\"https:\/\/tenchitatheclown.com\/es\/who-is-tenchita-copy\/\" class = \"hfe-menu-item\">T\u00e9rminos<\/a><\/li>\n<\/ul> \n\t\t\t\t<\/nav>\n\t\t\t<\/div>\n\t\t\t\t\t\t\t<\/div>\n\t\t\t\t<\/div>\n\t\t\t\t<div class=\"elementor-element elementor-element-4ad3a58 elementor-widget elementor-widget-heading\" data-id=\"4ad3a58\" data-element_type=\"widget\" data-e-type=\"widget\" data-widget_type=\"heading.default\">\n\t\t\t\t\t<h2 class=\"elementor-heading-title elementor-size-default\">Services &amp; Prices<\/h2>\t\t\t\t<\/div>\n\t\t\t\t\t<\/div>\n\t\t\t\t<\/div>\n\t\t<div class=\"elementor-element elementor-element-ed5cf35 e-flex e-con-boxed e-con e-parent\" data-id=\"ed5cf35\" data-element_type=\"container\" data-e-type=\"container\">\n\t\t\t\t\t<div class=\"e-con-inner\">\n\t\t\t\t<div class=\"elementor-element elementor-element-0d2babd elementor-shape-rounded elementor-grid-0 e-grid-align-center elementor-widget elementor-widget-social-icons\" data-id=\"0d2babd\" data-element_type=\"widget\" data-e-type=\"widget\" data-widget_type=\"social-icons.default\">\n\t\t\t\t\t\t\t<div class=\"elementor-social-icons-wrapper elementor-grid\" role=\"list\">\n\t\t\t\t\t\t\t<span class=\"elementor-grid-item\" role=\"listitem\">\n\t\t\t\t\t<a class=\"elementor-icon elementor-social-icon elementor-social-icon-facebook elementor-repeater-item-d73f226\" href=\"https:\/\/www.facebook.com\/p\/Tenchita-the-clown-100071712108745\/\" target=\"_blank\">\n\t\t\t\t\t\t<span class=\"elementor-screen-only\">Facebook<\/span>\n\t\t\t\t\t\t<svg aria-hidden=\"true\" class=\"e-font-icon-svg e-fab-facebook\" viewbox=\"0 0 512 512\" xmlns=\"http:\/\/www.w3.org\/2000\/svg\"><path d=\"M504 256C504 119 393 8 256 8S8 119 8 256c0 123.78 90.69 226.38 209.25 245V327.69h-63V256h63v-54.64c0-62.15 37-96.48 93.67-96.48 27.14 0 55.52 4.84 55.52 4.84v61h-31.28c-30.8 0-40.41 19.12-40.41 38.73V256h68.78l-11 71.69h-57.78V501C413.31 482.38 504 379.78 504 256z\"><\/path><\/svg>\t\t\t\t\t<\/a>\n\t\t\t\t<\/span>\n\t\t\t\t\t\t\t<span class=\"elementor-grid-item\" role=\"listitem\">\n\t\t\t\t\t<a class=\"elementor-icon elementor-social-icon elementor-social-icon-instagram elementor-repeater-item-43a60d3\" href=\"https:\/\/www.instagram.com\/tenchita_the_clown\/\" target=\"_blank\">\n\t\t\t\t\t\t<span class=\"elementor-screen-only\">Instagram<\/span>\n\t\t\t\t\t\t<svg aria-hidden=\"true\" class=\"e-font-icon-svg e-fab-instagram\" viewbox=\"0 0 448 512\" xmlns=\"http:\/\/www.w3.org\/2000\/svg\"><path d=\"M224.1 141c-63.6 0-114.9 51.3-114.9 114.9s51.3 114.9 114.9 114.9S339 319.5 339 255.9 287.7 141 224.1 141zm0 189.6c-41.1 0-74.7-33.5-74.7-74.7s33.5-74.7 74.7-74.7 74.7 33.5 74.7 74.7-33.6 74.7-74.7 74.7zm146.4-194.3c0 14.9-12 26.8-26.8 26.8-14.9 0-26.8-12-26.8-26.8s12-26.8 26.8-26.8 26.8 12 26.8 26.8zm76.1 27.2c-1.7-35.9-9.9-67.7-36.2-93.9-26.2-26.2-58-34.4-93.9-36.2-37-2.1-147.9-2.1-184.9 0-35.8 1.7-67.6 9.9-93.9 36.1s-34.4 58-36.2 93.9c-2.1 37-2.1 147.9 0 184.9 1.7 35.9 9.9 67.7 36.2 93.9s58 34.4 93.9 36.2c37 2.1 147.9 2.1 184.9 0 35.9-1.7 67.7-9.9 93.9-36.2 26.2-26.2 34.4-58 36.2-93.9 2.1-37 2.1-147.8 0-184.8zM398.8 388c-7.8 19.6-22.9 34.7-42.6 42.6-29.5 11.7-99.5 9-132.1 9s-102.7 2.6-132.1-9c-19.6-7.8-34.7-22.9-42.6-42.6-11.7-29.5-9-99.5-9-132.1s-2.6-102.7 9-132.1c7.8-19.6 22.9-34.7 42.6-42.6 29.5-11.7 99.5-9 132.1-9s102.7-2.6 132.1 9c19.6 7.8 34.7 22.9 42.6 42.6 11.7 29.5 9 99.5 9 132.1s2.7 102.7-9 132.1z\"><\/path><\/svg>\t\t\t\t\t<\/a>\n\t\t\t\t<\/span>\n\t\t\t\t\t\t\t<span class=\"elementor-grid-item\" role=\"listitem\">\n\t\t\t\t\t<a class=\"elementor-icon elementor-social-icon elementor-social-icon-whatsapp elementor-repeater-item-9523d4f\" href=\"http:\/\/wa.link\/s4v8k8\" target=\"_blank\">\n\t\t\t\t\t\t<span class=\"elementor-screen-only\">Whatsapp<\/span>\n\t\t\t\t\t\t<svg aria-hidden=\"true\" class=\"e-font-icon-svg e-fab-whatsapp\" viewbox=\"0 0 448 512\" xmlns=\"http:\/\/www.w3.org\/2000\/svg\"><path d=\"M380.9 97.1C339 55.1 283.2 32 223.9 32c-122.4 0-222 99.6-222 222 0 39.1 10.2 77.3 29.6 111L0 480l117.7-30.9c32.4 17.7 68.9 27 106.1 27h.1c122.3 0 224.1-99.6 224.1-222 0-59.3-25.2-115-67.1-157zm-157 341.6c-33.2 0-65.7-8.9-94-25.7l-6.7-4-69.8 18.3L72 359.2l-4.4-7c-18.5-29.4-28.2-63.3-28.2-98.2 0-101.7 82.8-184.5 184.6-184.5 49.3 0 95.6 19.2 130.4 54.1 34.8 34.9 56.2 81.2 56.1 130.5 0 101.8-84.9 184.6-186.6 184.6zm101.2-138.2c-5.5-2.8-32.8-16.2-37.9-18-5.1-1.9-8.8-2.8-12.5 2.8-3.7 5.6-14.3 18-17.6 21.8-3.2 3.7-6.5 4.2-12 1.4-32.6-16.3-54-29.1-75.5-66-5.7-9.8 5.7-9.1 16.3-30.3 1.8-3.7.9-6.9-.5-9.7-1.4-2.8-12.5-30.1-17.1-41.2-4.5-10.8-9.1-9.3-12.5-9.5-3.2-.2-6.9-.2-10.6-.2-3.7 0-9.7 1.4-14.8 6.9-5.1 5.6-19.4 19-19.4 46.3 0 27.3 19.9 53.7 22.6 57.4 2.8 3.7 39.1 59.7 94.8 83.8 35.2 15.2 49 16.5 66.6 13.9 10.7-1.6 32.8-13.4 37.4-26.4 4.6-13 4.6-24.1 3.2-26.4-1.3-2.5-5-3.9-10.5-6.6z\"><\/path><\/svg>\t\t\t\t\t<\/a>\n\t\t\t\t<\/span>\n\t\t\t\t\t<\/div>\n\t\t\t\t\t\t<\/div>\n\t\t\t\t\t<\/div>\n\t\t\t\t<\/div>\n\t\t<div class=\"elementor-element elementor-element-4f110cf e-flex e-con-boxed e-con e-parent\" data-id=\"4f110cf\" data-element_type=\"container\" data-e-type=\"container\">\n\t\t\t\t\t<div class=\"e-con-inner\">\n\t\t\t\t<div class=\"elementor-element elementor-element-4772091 elementor-widget elementor-widget-text-editor\" data-id=\"4772091\" data-element_type=\"widget\" data-e-type=\"widget\" data-widget_type=\"text-editor.default\">\n\t\t\t\t\t\t\t\t\t<h3><b><h3><b>1. Paquete Completo (2 Horas - \u00a1Nuestro M\u00e1s Popular!)<\/b><\/h3><\/b><\/h3><p>\u00a0<\/p><p class=\"translation-block\"><b>Precio:<\/b> $285* <i>(Se puede aplicar una tarifa de viaje para fiestas fuera de Kissimmee, seg\u00fan la ubicaci\u00f3n y la hora. Por favor, consulte para m\u00e1s detalles.)<\/i><\/p><p class=\"translation-block\"><b>Por qu\u00e9 es nuestra opci\u00f3n principal:<\/b> Esta experiencia inmersiva de 2 horas asegura que cada invitado disfrute de toda la risa y la magia. \u00a1Perfecto para fiestas m\u00e1s grandes o cuando desea la experiencia completa de Tenchita La Payasa!<\/p><p><b><b>Qu\u00e9 Incluye:<\/b><\/b><\/p><ul><li><p class=\"translation-block\"><b>Pintacaritas Deslumbrante:<\/b> Dise\u00f1os detallados y vibrantes para todos los invitados interesados.<\/p><\/li><li><p class=\"translation-block\"><b>Globos de Animales Fant\u00e1sticos:<\/b> \u00a1Una amplia variedad de impresionantes creaciones con globos para que todos se lleven a casa!<\/p><\/li><li><p class=\"translation-block\"><b>Show de Magia C\u00f3mica y Divertida:<\/b> Magia interactiva que asombrar\u00e1 y divertir\u00e1 a todas las edades.<\/p><\/li><li><p class=\"translation-block\"><b>Juegos Interactivos Atractivos:<\/b> \u00a1Juegos divertidos y en\u00e9rgicos dise\u00f1ados para que disfruten juntos tanto ni\u00f1os como adultos!<\/p><\/li><li><p><b><b>Favoritos Cl\u00e1sicos de Fiesta:<\/b><\/b><\/p><ul><li><p>Emocionante Rotura de Pi\u00f1ata (el cliente proporciona la pi\u00f1ata\/dulces)<\/p><\/li><li><p>\u00a1Conmovedor canto de \"Feliz Cumplea\u00f1os\" con Tenchita La Payasa!<\/p><\/li><\/ul><\/li><li><p><b><b>\u00a1Risas y Recuerdos Garantizados!<\/b><\/b><\/p><\/li><\/ul><hr \/><p>\u00a0<\/p><h3><b><h3><b>2. Paquete B\u00e1sico (1 Hora - \u00a1Diversi\u00f3n Cl\u00e1sica!)<\/b><\/h3><\/b><\/h3><p>\u00a0<\/p><p class=\"translation-block\"><b>Precio:<\/b> $210* <i>(Se puede aplicar una tarifa de viaje para fiestas fuera de Kissimmee, seg\u00fan la ubicaci\u00f3n y la hora. Por favor, consulte para m\u00e1s detalles.)<\/i><\/p><p><b><b>Recomendado para un m\u00e1ximo de 20 ni\u00f1os para la mejor experiencia.<\/b><\/b><\/p><p>\u00a1Este din\u00e1mico paquete de 1 hora incluye toda la emoci\u00f3n para una celebraci\u00f3n memorable!<\/p><p><b><b>Qu\u00e9 Incluye:<\/b><\/b><\/p><ul><li><p class=\"translation-block\"><b>Globos de Animales Fant\u00e1sticos:<\/b> Arte creativo con globos para sus invitados.<\/p><\/li><li><p class=\"translation-block\"><b>Show de Magia C\u00f3mica y Divertida:<\/b> Un espect\u00e1culo cautivador lleno de risas y asombro.<\/p><\/li><li><p class=\"translation-block\"><b>Juegos Interactivos Atractivos:<\/b> Juegos de alta energ\u00eda para ni\u00f1os y adultos.<\/p><\/li><li><p><b><b>Favoritos Cl\u00e1sicos de Fiesta:<\/b><\/b><\/p><ul><li><p>Emocionante Rotura de Pi\u00f1ata (el cliente proporciona la pi\u00f1ata\/dulces)<\/p><\/li><li><p>\u00a1Conmovedor canto de \"Feliz Cumplea\u00f1os\" con Tenchita La Payasa!<\/p><\/li><\/ul><\/li><\/ul><p><i>(Tenga en cuenta: Este paquete no incluye pintacaritas, ya que los dise\u00f1os detallados de Tenchita requieren tiempo adicional. Consulte nuestro paquete \"<b>Solo Pintacaritas<\/b>\" para este servicio.)<\/i><\/p><hr \/><p>\u00a0<\/p><h3><b><h3><b>3. Evento de Baby Shower (1 Hora - Momentos Inolvidables)<\/b><\/h3><\/b><\/h3><p>\u00a0<\/p><p class=\"translation-block\"><b>Precio:<\/b> $195* <i>(Se puede aplicar una tarifa de viaje para fiestas fuera de Kissimmee, seg\u00fan la ubicaci\u00f3n y la hora. Por favor, consulte para m\u00e1s detalles.)<\/i><\/p><p>\u00a1Celebre la llegada del nuevo miembro con el paquete \u00fanico de baby shower de Tenchita, dise\u00f1ado para agregar alegr\u00eda y entretenimiento especiales a su evento!<\/p><p class=\"translation-block\"><b>Qu\u00e9 Incluye:<\/b>\n(Como se sugiri\u00f3 antes, considere listar 2-3 actividades\/elementos espec\u00edficos que hagan este paquete \u00fanico para un baby shower. Ejemplos podr\u00edan ser: juegos tem\u00e1ticos para beb\u00e9s personalizados, magia c\u00f3mica suave para adultos, creaciones especiales con globos como cochecitos de beb\u00e9 o cig\u00fce\u00f1as, un segmento interactivo \u00fanico, etc.)<\/p><hr \/><p>\u00a0<\/p><h3><b><h3><b>4. Solo Pintacaritas (1 Hora - Pintacaritas Deslumbrante)<\/b><\/h3><\/b><\/h3><p>\u00a0<\/p><p class=\"translation-block\"><b>Precio:<\/b> $180* <i>(Se puede aplicar una tarifa de viaje para fiestas fuera de Kissimmee, seg\u00fan la ubicaci\u00f3n y la hora. Por favor, consulte para m\u00e1s detalles.)<\/i><\/p><p><b><b>Recomendado para un m\u00e1ximo de 15 ni\u00f1os para la mejor experiencia.<\/b><\/b><\/p><p>\u00a1Transforme a sus invitados con el pintacaritas altamente detallado y art\u00edstico de Tenchita! Desde criaturas fant\u00e1sticas hasta superh\u00e9roes, nuestra variedad y estilos traer\u00e1n sonrisas y har\u00e1n que su fiesta sea visualmente inolvidable<\/p><hr \/><p>\u00a0<\/p><h3><b><h3><b>5. Solo Globos de Animales (1 Hora - Globos de Animales Fant\u00e1sticos)<\/b><\/h3><\/b><\/h3><p>\u00a0<\/p><p class=\"translation-block\"><b>Precio:<\/b> $180* <i>(Se puede aplicar una tarifa de viaje para fiestas fuera de Kissimmee, seg\u00fan la ubicaci\u00f3n y la hora. Por favor, consulte para m\u00e1s detalles.)<\/i><\/p><p><b><b>Recomendado para un m\u00e1ximo de 15 ni\u00f1os para la mejor experiencia.<\/b><\/b><\/p><p>\u00a1Env\u00ede a sus invitados a casa con recuerdos incre\u00edbles! Este paquete se centra en la gran variedad de globos de animales de fantas\u00eda de Tenchita, que incluyen princesas, extraterrestres, animales, espadas, flores, corazones \u00a1y mucho m\u00e1s! Cada creaci\u00f3n es una pieza de arte \u00fanica.<\/p>\t\t\t\t\t\t\t\t<\/div>\n\t\t\t\t\t<\/div>\n\t\t\t\t<\/div>\n\t\t\t\t<\/div>","protected":false},"excerpt":{"rendered":"<p>Menu Home Who is Tenchita? Services &#038; Prices Deposits &#038; Reservations Contact Tenchita Terms Services &amp; Prices Facebook Instagram Whatsapp 1. Full Package (2 Hours &#8211; Our Most Popular!) \u00a0 Price: $285* (A travel fee may apply for parties outside Kissimmee, based on location and time. Please inquire for details.) Why it&#8217;s our top choice: [&hellip;]<\/p>\n","protected":false},"author":1,"featured_media":0,"parent":0,"menu_order":0,"comment_status":"closed","ping_status":"closed","template":"elementor_canvas","meta":{"footnotes":""},"class_list":["post-344","page","type-page","status-publish","hentry"],"_links":{"self":[{"href":"https:\/\/tenchitatheclown.com\/es\/wp-json\/wp\/v2\/pages\/344","targetHints":{"allow":["GET"]}}],"collection":[{"href":"https:\/\/tenchitatheclown.com\/es\/wp-json\/wp\/v2\/pages"}],"about":[{"href":"https:\/\/tenchitatheclown.com\/es\/wp-json\/wp\/v2\/types\/page"}],"author":[{"embeddable":true,"href":"https:\/\/tenchitatheclown.com\/es\/wp-json\/wp\/v2\/users\/1"}],"replies":[{"embeddable":true,"href":"https:\/\/tenchitatheclown.com\/es\/wp-json\/wp\/v2\/comments?post=344"}],"version-history":[{"count":15,"href":"https:\/\/tenchitatheclown.com\/es\/wp-json\/wp\/v2\/pages\/344\/revisions"}],"predecessor-version":[{"id":379,"href":"https:\/\/tenchitatheclown.com\/es\/wp-json\/wp\/v2\/pages\/344\/revisions\/379"}],"wp:attachment":[{"href":"https:\/\/tenchitatheclown.com\/es\/wp-json\/wp\/v2\/media?parent=344"}],"curies":[{"name":"wp","href":"https:\/\/api.w.org\/{rel}","templated":true}]}}